{"id":52841,"date":"2024-11-29T08:59:29","date_gmt":"2024-11-29T07:59:29","guid":{"rendered":"https:\/\/uds-parts.com\/?page_id=52841"},"modified":"2024-11-29T09:19:40","modified_gmt":"2024-11-29T08:19:40","slug":"optibelt-deutschland","status":"publish","type":"page","link":"https:\/\/uds-parts.com\/de\/marken-lieferanten\/optibelt-deutschland\/","title":{"rendered":"Optibelt"},"content":{"rendered":"\n<div class=\"wp-block-group alignfull has-color-5-background-color has-background is-layout-constrained wp-container-core-group-is-layout-c6d858f5 wp-block-group-is-layout-constrained\" id=\"header\" style=\"padding-top:0px;padding-right:0px;padding-bottom:0px;padding-left:0px\">\n<div class=\"wp-block-media-text has-media-on-the-right is-stacked-on-mobile is-image-fill is-media-expanded\" style=\"grid-template-columns:auto 40%\"><div class=\"wp-block-media-text__content\">\n<div style=\"height:70px;--spacer-height:70px\" aria-hidden=\"true\" class=\"wp-block-spacer\"><\/div>\n\n\n<div class=\"yoast-breadcrumbs wp-block-yoast-seo-breadcrumbs\"><span><span><a href=\"https:\/\/uds-parts.com\/de\/\">Home<\/a><\/span> \/\/ <span><a href=\"https:\/\/uds-parts.com\/de\/marken-lieferanten\/\">Marken\/Lieferanten<\/a><\/span> \/\/ <span class=\"breadcrumb_last\" aria-current=\"page\">Optibelt<\/span><\/span><\/div>\n\n\n<div style=\"height:10px;--spacer-height:10px\" aria-hidden=\"true\" class=\"wp-block-spacer\"><\/div>\n\n\n\n<h1 class=\"wp-block-heading has-text-color\" style=\"color:#323232\">Optibelt, Italien<\/h1>\n\n\n\n<p>Die Arntz Optibelt Group ist weltweit f\u00fchrend in der Herstellung von hochwertigen Antriebsriemen und -systemen, die in verschiedenen Sektoren wie dem Maschinenbau, der Automobilindustrie und der Landwirtschaftstechnik eingesetzt werden.<\/p>\n\n\n\n<p>Das Familienunternehmen mit 2400 Mitarbeitern weltweit ist bekannt f\u00fcr seinen Fokus auf Nachhaltigkeit, Innovation und die h\u00f6chsten Qualit\u00e4tsstandards. Optibelt setzt strenge Qualit\u00e4tskontrollen an allen Produktionsstandorten ein und investiert kontinuierlich in Technologie und Handwerkskunst. Mit acht Produktionsst\u00e4tten in sechs L\u00e4ndern bietet Optibelt zuverl\u00e4ssige, leistungsorientierte Produkte, die weltweit gesch\u00e4tzt werden.<\/p>\n\n\n\n<div class=\"wp-block-buttons is-layout-flex wp-block-buttons-is-layout-flex\"><\/div>\n\n\n\n<div style=\"height:70px;--spacer-height:70px\" aria-hidden=\"true\" class=\"wp-block-spacer\"><\/div>\n<\/div><figure class=\"wp-block-media-text__media\" style=\"background-image:url(https:\/\/uds-parts.com\/wp-content\/uploads\/Landbouw-tuinbouw-machines-onderdelen-UDS-1024x683.jpg);background-position:50% 50%\"><img decoding=\"async\" width=\"1024\" height=\"683\" src=\"https:\/\/uds-parts.com\/wp-content\/uploads\/Landbouw-tuinbouw-machines-onderdelen-UDS-1024x683.jpg\" alt=\"Landbouw-tuinbouw-machines-onderdelen-UDS\" class=\"wp-image-50315 size-full\" srcset=\"https:\/\/uds-parts.com\/wp-content\/uploads\/\/Landbouw-tuinbouw-machines-onderdelen-UDS-1024x683.jpg 1024w, https:\/\/uds-parts.com\/wp-content\/uploads\/\/Landbouw-tuinbouw-machines-onderdelen-UDS-300x200.jpg 300w, https:\/\/uds-parts.com\/wp-content\/uploads\/\/Landbouw-tuinbouw-machines-onderdelen-UDS-600x400.jpg 600w, https:\/\/uds-parts.com\/wp-content\/uploads\/\/Landbouw-tuinbouw-machines-onderdelen-UDS-400x267.jpg 400w, https:\/\/uds-parts.com\/wp-content\/uploads\/\/Landbouw-tuinbouw-machines-onderdelen-UDS-768x512.jpg 768w, https:\/\/uds-parts.com\/wp-content\/uploads\/\/Landbouw-tuinbouw-machines-onderdelen-UDS.jpg 1254w\" sizes=\"(max-width: 1024px) 100vw, 1024px\" \/><\/figure><\/div>\n<\/div>\n\n\n\n<div style=\"height:70px;--spacer-height:70px\" aria-hidden=\"true\" class=\"wp-block-spacer\"><\/div>\n\n\n\n<h2 class=\"wp-block-heading\">Beispiele f\u00fcr Produkte von Optibelt<\/h2>\n\n\n\n<div style=\"height:30px;--spacer-height:30px\" aria-hidden=\"true\" class=\"wp-block-spacer\"><\/div>\n\n\n\n<div style=\"height:70px;--spacer-height:70px\" aria-hidden=\"true\" class=\"wp-block-spacer\"><\/div>\n","protected":false},"excerpt":{"rendered":"<p>Optibelt, Italien Die Arntz Optibelt Group ist weltweit f\u00fchrend in der Herstellung von hochwertigen Antriebsriemen und -systemen, die in verschiedenen Sektoren wie dem Maschinenbau, der Automobilindustrie und der Landwirtschaftstechnik eingesetzt werden. Das Familienunternehmen mit 2400 Mitarbeitern weltweit ist bekannt f\u00fcr seinen Fokus auf Nachhaltigkeit, Innovation und die h\u00f6chsten Qualit\u00e4tsstandards. Optibelt setzt strenge Qualit\u00e4tskontrollen an allen [&hellip;]<\/p>\n","protected":false},"author":223,"featured_media":50291,"parent":11340,"menu_order":8,"comment_status":"closed","ping_status":"closed","template":"","meta":{"_acf_changed":false,"_eb_attr":"","_relevanssi_hide_post":"","_relevanssi_hide_content":"","_relevanssi_pin_for_all":"","_relevanssi_pin_keywords":"","_relevanssi_unpin_keywords":"","_relevanssi_related_keywords":"","_relevanssi_related_include_ids":"","_relevanssi_related_exclude_ids":"","_relevanssi_related_no_append":"","_relevanssi_related_not_related":"","_relevanssi_related_posts":"11312,36023,35272,31453,45100,30504","_relevanssi_noindex_reason":"","inline_featured_image":false,"footnotes":""},"class_list":["post-52841","page","type-page","status-publish","has-post-thumbnail","hentry"],"acf":[],"yoast_head":"<!-- This site is optimized with the Yoast SEO plugin v27.2 - https:\/\/yoast.com\/product\/yoast-seo-wordpress\/ -->\n<title>Optibelt - UDS Parts<\/title>\n<meta name=\"robots\" content=\"index, follow, max-snippet:-1, max-image-preview:large, max-video-preview:-1\" \/>\n<link rel=\"canonical\" href=\"https:\/\/uds-parts.com\/de\/marken-lieferanten\/optibelt-deutschland\/\" \/>\n<meta property=\"og:locale\" content=\"de_DE\" \/>\n<meta property=\"og:type\" content=\"article\" \/>\n<meta property=\"og:title\" content=\"Optibelt - UDS Parts\" \/>\n<meta property=\"og:description\" content=\"Optibelt, Italien Die Arntz Optibelt Group ist weltweit f\u00fchrend in der Herstellung von hochwertigen Antriebsriemen und -systemen, die in verschiedenen Sektoren wie dem Maschinenbau, der Automobilindustrie und der Landwirtschaftstechnik eingesetzt werden. Das Familienunternehmen mit 2400 Mitarbeitern weltweit ist bekannt f\u00fcr seinen Fokus auf Nachhaltigkeit, Innovation und die h\u00f6chsten Qualit\u00e4tsstandards. Optibelt setzt strenge Qualit\u00e4tskontrollen an allen [&hellip;]\" \/>\n<meta property=\"og:url\" content=\"https:\/\/uds-parts.com\/de\/marken-lieferanten\/optibelt-deutschland\/\" \/>\n<meta property=\"og:site_name\" content=\"UDS Parts\" \/>\n<meta property=\"article:modified_time\" content=\"2024-11-29T08:19:40+00:00\" \/>\n<meta property=\"og:image\" content=\"https:\/\/uds-parts.com\/wp-content\/uploads\/Logo-Optibelt-RGB-Tijdelijk.png\" \/>\n\t<meta property=\"og:image:width\" content=\"130\" \/>\n\t<meta property=\"og:image:height\" content=\"70\" \/>\n\t<meta property=\"og:image:type\" content=\"image\/png\" \/>\n<meta name=\"twitter:card\" content=\"summary_large_image\" \/>\n<meta name=\"twitter:label1\" content=\"Gesch\u00e4tzte Lesezeit\" \/>\n\t<meta name=\"twitter:data1\" content=\"1\u00a0Minute\" \/>\n<script type=\"application\/ld+json\" class=\"yoast-schema-graph\">{\"@context\":\"https:\/\/schema.org\",\"@graph\":[{\"@type\":\"WebPage\",\"@id\":\"https:\/\/uds-parts.com\/de\/marken-lieferanten\/optibelt-deutschland\/\",\"url\":\"https:\/\/uds-parts.com\/de\/marken-lieferanten\/optibelt-deutschland\/\",\"name\":\"Optibelt - UDS Parts\",\"isPartOf\":{\"@id\":\"https:\/\/uds-parts.com\/#website\"},\"primaryImageOfPage\":{\"@id\":\"https:\/\/uds-parts.com\/de\/marken-lieferanten\/optibelt-deutschland\/#primaryimage\"},\"image\":{\"@id\":\"https:\/\/uds-parts.com\/de\/marken-lieferanten\/optibelt-deutschland\/#primaryimage\"},\"thumbnailUrl\":\"https:\/\/uds-parts.com\/wp-content\/uploads\/Logo-Optibelt-RGB-Tijdelijk.png\",\"datePublished\":\"2024-11-29T07:59:29+00:00\",\"dateModified\":\"2024-11-29T08:19:40+00:00\",\"breadcrumb\":{\"@id\":\"https:\/\/uds-parts.com\/de\/marken-lieferanten\/optibelt-deutschland\/#breadcrumb\"},\"inLanguage\":\"de\",\"potentialAction\":[{\"@type\":\"ReadAction\",\"target\":[\"https:\/\/uds-parts.com\/de\/marken-lieferanten\/optibelt-deutschland\/\"]}]},{\"@type\":\"ImageObject\",\"inLanguage\":\"de\",\"@id\":\"https:\/\/uds-parts.com\/de\/marken-lieferanten\/optibelt-deutschland\/#primaryimage\",\"url\":\"https:\/\/uds-parts.com\/wp-content\/uploads\/Logo-Optibelt-RGB-Tijdelijk.png\",\"contentUrl\":\"https:\/\/uds-parts.com\/wp-content\/uploads\/Logo-Optibelt-RGB-Tijdelijk.png\",\"width\":130,\"height\":70},{\"@type\":\"BreadcrumbList\",\"@id\":\"https:\/\/uds-parts.com\/de\/marken-lieferanten\/optibelt-deutschland\/#breadcrumb\",\"itemListElement\":[{\"@type\":\"ListItem\",\"position\":1,\"name\":\"Home\",\"item\":\"https:\/\/uds-parts.com\/de\/\"},{\"@type\":\"ListItem\",\"position\":2,\"name\":\"Marken\/Lieferanten\",\"item\":\"https:\/\/uds-parts.com\/de\/marken-lieferanten\/\"},{\"@type\":\"ListItem\",\"position\":3,\"name\":\"Optibelt\"}]},{\"@type\":\"WebSite\",\"@id\":\"https:\/\/uds-parts.com\/#website\",\"url\":\"https:\/\/uds-parts.com\/\",\"name\":\"United Driveline Systems\",\"description\":\"United Driveline Systems\",\"publisher\":{\"@id\":\"https:\/\/uds-parts.com\/#organization\"},\"alternateName\":\"UDS Parts\",\"potentialAction\":[{\"@type\":\"SearchAction\",\"target\":{\"@type\":\"EntryPoint\",\"urlTemplate\":\"https:\/\/uds-parts.com\/?s={search_term_string}\"},\"query-input\":{\"@type\":\"PropertyValueSpecification\",\"valueRequired\":true,\"valueName\":\"search_term_string\"}}],\"inLanguage\":\"de\"},{\"@type\":\"Organization\",\"@id\":\"https:\/\/uds-parts.com\/#organization\",\"name\":\"United Driveline Systems b.v.\",\"alternateName\":\"UDS Parts\",\"url\":\"https:\/\/uds-parts.com\/\",\"logo\":{\"@type\":\"ImageObject\",\"inLanguage\":\"de\",\"@id\":\"https:\/\/uds-parts.com\/#\/schema\/logo\/image\/\",\"url\":\"https:\/\/uds-parts.com\/wp-content\/uploads\/UDS-Logo-1.jpg\",\"contentUrl\":\"https:\/\/uds-parts.com\/wp-content\/uploads\/UDS-Logo-1.jpg\",\"width\":803,\"height\":342,\"caption\":\"United Driveline Systems b.v.\"},\"image\":{\"@id\":\"https:\/\/uds-parts.com\/#\/schema\/logo\/image\/\"},\"sameAs\":[\"https:\/\/www.instagram.com\/uds_parts\/\",\"https:\/\/nl.linkedin.com\/company\/united-driveline-systems-bv\"]}]}<\/script>\n<!-- \/ Yoast SEO plugin. -->","yoast_head_json":{"title":"Optibelt - UDS Parts","robots":{"index":"index","follow":"follow","max-snippet":"max-snippet:-1","max-image-preview":"max-image-preview:large","max-video-preview":"max-video-preview:-1"},"canonical":"https:\/\/uds-parts.com\/de\/marken-lieferanten\/optibelt-deutschland\/","og_locale":"de_DE","og_type":"article","og_title":"Optibelt - UDS Parts","og_description":"Optibelt, Italien Die Arntz Optibelt Group ist weltweit f\u00fchrend in der Herstellung von hochwertigen Antriebsriemen und -systemen, die in verschiedenen Sektoren wie dem Maschinenbau, der Automobilindustrie und der Landwirtschaftstechnik eingesetzt werden. Das Familienunternehmen mit 2400 Mitarbeitern weltweit ist bekannt f\u00fcr seinen Fokus auf Nachhaltigkeit, Innovation und die h\u00f6chsten Qualit\u00e4tsstandards. Optibelt setzt strenge Qualit\u00e4tskontrollen an allen [&hellip;]","og_url":"https:\/\/uds-parts.com\/de\/marken-lieferanten\/optibelt-deutschland\/","og_site_name":"UDS Parts","article_modified_time":"2024-11-29T08:19:40+00:00","og_image":[{"width":130,"height":70,"url":"https:\/\/uds-parts.com\/wp-content\/uploads\/Logo-Optibelt-RGB-Tijdelijk.png","type":"image\/png"}],"twitter_card":"summary_large_image","twitter_misc":{"Gesch\u00e4tzte Lesezeit":"1\u00a0Minute"},"schema":{"@context":"https:\/\/schema.org","@graph":[{"@type":"WebPage","@id":"https:\/\/uds-parts.com\/de\/marken-lieferanten\/optibelt-deutschland\/","url":"https:\/\/uds-parts.com\/de\/marken-lieferanten\/optibelt-deutschland\/","name":"Optibelt - UDS Parts","isPartOf":{"@id":"https:\/\/uds-parts.com\/#website"},"primaryImageOfPage":{"@id":"https:\/\/uds-parts.com\/de\/marken-lieferanten\/optibelt-deutschland\/#primaryimage"},"image":{"@id":"https:\/\/uds-parts.com\/de\/marken-lieferanten\/optibelt-deutschland\/#primaryimage"},"thumbnailUrl":"https:\/\/uds-parts.com\/wp-content\/uploads\/Logo-Optibelt-RGB-Tijdelijk.png","datePublished":"2024-11-29T07:59:29+00:00","dateModified":"2024-11-29T08:19:40+00:00","breadcrumb":{"@id":"https:\/\/uds-parts.com\/de\/marken-lieferanten\/optibelt-deutschland\/#breadcrumb"},"inLanguage":"de","potentialAction":[{"@type":"ReadAction","target":["https:\/\/uds-parts.com\/de\/marken-lieferanten\/optibelt-deutschland\/"]}]},{"@type":"ImageObject","inLanguage":"de","@id":"https:\/\/uds-parts.com\/de\/marken-lieferanten\/optibelt-deutschland\/#primaryimage","url":"https:\/\/uds-parts.com\/wp-content\/uploads\/Logo-Optibelt-RGB-Tijdelijk.png","contentUrl":"https:\/\/uds-parts.com\/wp-content\/uploads\/Logo-Optibelt-RGB-Tijdelijk.png","width":130,"height":70},{"@type":"BreadcrumbList","@id":"https:\/\/uds-parts.com\/de\/marken-lieferanten\/optibelt-deutschland\/#breadcrumb","itemListElement":[{"@type":"ListItem","position":1,"name":"Home","item":"https:\/\/uds-parts.com\/de\/"},{"@type":"ListItem","position":2,"name":"Marken\/Lieferanten","item":"https:\/\/uds-parts.com\/de\/marken-lieferanten\/"},{"@type":"ListItem","position":3,"name":"Optibelt"}]},{"@type":"WebSite","@id":"https:\/\/uds-parts.com\/#website","url":"https:\/\/uds-parts.com\/","name":"United Driveline Systems","description":"United Driveline Systems","publisher":{"@id":"https:\/\/uds-parts.com\/#organization"},"alternateName":"UDS Parts","potentialAction":[{"@type":"SearchAction","target":{"@type":"EntryPoint","urlTemplate":"https:\/\/uds-parts.com\/?s={search_term_string}"},"query-input":{"@type":"PropertyValueSpecification","valueRequired":true,"valueName":"search_term_string"}}],"inLanguage":"de"},{"@type":"Organization","@id":"https:\/\/uds-parts.com\/#organization","name":"United Driveline Systems b.v.","alternateName":"UDS Parts","url":"https:\/\/uds-parts.com\/","logo":{"@type":"ImageObject","inLanguage":"de","@id":"https:\/\/uds-parts.com\/#\/schema\/logo\/image\/","url":"https:\/\/uds-parts.com\/wp-content\/uploads\/UDS-Logo-1.jpg","contentUrl":"https:\/\/uds-parts.com\/wp-content\/uploads\/UDS-Logo-1.jpg","width":803,"height":342,"caption":"United Driveline Systems b.v."},"image":{"@id":"https:\/\/uds-parts.com\/#\/schema\/logo\/image\/"},"sameAs":["https:\/\/www.instagram.com\/uds_parts\/","https:\/\/nl.linkedin.com\/company\/united-driveline-systems-bv"]}]}},"_links":{"self":[{"href":"https:\/\/uds-parts.com\/de\/wp-json\/wp\/v2\/pages\/52841","targetHints":{"allow":["GET"]}}],"collection":[{"href":"https:\/\/uds-parts.com\/de\/wp-json\/wp\/v2\/pages"}],"about":[{"href":"https:\/\/uds-parts.com\/de\/wp-json\/wp\/v2\/types\/page"}],"author":[{"embeddable":true,"href":"https:\/\/uds-parts.com\/de\/wp-json\/wp\/v2\/users\/223"}],"replies":[{"embeddable":true,"href":"https:\/\/uds-parts.com\/de\/wp-json\/wp\/v2\/comments?post=52841"}],"version-history":[{"count":0,"href":"https:\/\/uds-parts.com\/de\/wp-json\/wp\/v2\/pages\/52841\/revisions"}],"up":[{"embeddable":true,"href":"https:\/\/uds-parts.com\/de\/wp-json\/wp\/v2\/pages\/11340"}],"wp:featuredmedia":[{"embeddable":true,"href":"https:\/\/uds-parts.com\/de\/wp-json\/wp\/v2\/media\/50291"}],"wp:attachment":[{"href":"https:\/\/uds-parts.com\/de\/wp-json\/wp\/v2\/media?parent=52841"}],"curies":[{"name":"wp","href":"https:\/\/api.w.org\/{rel}","templated":true}]}}