{"id":51021,"date":"2023-10-31T09:13:48","date_gmt":"2023-10-31T08:13:48","guid":{"rendered":"https:\/\/uds-parts.com\/?page_id=51021"},"modified":"2024-11-29T08:39:53","modified_gmt":"2024-11-29T07:39:53","slug":"aksan-kardan","status":"publish","type":"page","link":"https:\/\/uds-parts.com\/de\/marken-lieferanten\/aksan-kardan\/","title":{"rendered":"BBM Italien"},"content":{"rendered":"\n<div class=\"wp-block-group alignfull has-color-5-background-color has-background is-layout-constrained wp-container-core-group-is-layout-c6d858f5 wp-block-group-is-layout-constrained\" id=\"header\" style=\"padding-top:0px;padding-right:0px;padding-bottom:0px;padding-left:0px\">\n<div class=\"wp-block-media-text has-media-on-the-right is-stacked-on-mobile is-image-fill is-media-expanded\" style=\"grid-template-columns:auto 40%\"><div class=\"wp-block-media-text__content\">\n<div style=\"height:70px;--spacer-height:70px\" aria-hidden=\"true\" class=\"wp-block-spacer\"><\/div>\n\n\n<div class=\"yoast-breadcrumbs wp-block-yoast-seo-breadcrumbs\"><span><span><a href=\"https:\/\/uds-parts.com\/de\/\">Home<\/a><\/span> \/\/ <span><a href=\"https:\/\/uds-parts.com\/de\/marken-lieferanten\/\">Marken\/Lieferanten<\/a><\/span> \/\/ <span class=\"breadcrumb_last\" aria-current=\"page\">BBM Italien<\/span><\/span><\/div>\n\n\n<div style=\"height:10px;--spacer-height:10px\" aria-hidden=\"true\" class=\"wp-block-spacer\"><\/div>\n\n\n\n<h1 class=\"wp-block-heading has-text-color\" style=\"color:#323232\">BBM, Italien<\/h1>\n\n\n\n<p>BBM S.p.A. ist ein f\u00fchrender Hersteller von hochwertigen geschmiedeten Komponenten wie Zug\u00f6sen, Anh\u00e4ngerkupplungen und anderen Teilen f\u00fcr Anh\u00e4nger, Landmaschinen und Industriefahrzeuge. Diese Bauteile sind f\u00fcr maximale Festigkeit, Zuverl\u00e4ssigkeit und Leistung auch in den anspruchsvollsten Arbeitsumgebungen konzipiert. Mit dem Fokus auf Qualit\u00e4t und Innovation bietet BBM nachhaltige L\u00f6sungen f\u00fcr die Landwirtschafts- und Industriebereiche.<\/p>\n\n\n\n<p>Die gesamte Produktion erfolgt in Italien, wo qualifizierte Fachkr\u00e4fte f\u00fcr h\u00f6chste Standards sorgen. Daher k\u00f6nnen wir mit Stolz sagen: Made in Italy!<\/p>\n\n\n\n<div class=\"wp-block-buttons is-layout-flex wp-block-buttons-is-layout-flex\">\n<div class=\"wp-block-button\"><a class=\"wp-block-button__link has-color-2-background-color has-background wp-element-button\" href=\"https:\/\/uds-parts.com\/wp-content\/uploads\/katalogus-AKSAN-2014.pdf\">Informationen herunterladen<\/a><\/div>\n<\/div>\n\n\n\n<div style=\"height:70px;--spacer-height:70px\" aria-hidden=\"true\" class=\"wp-block-spacer\"><\/div>\n<\/div><figure class=\"wp-block-media-text__media\" style=\"background-image:url(https:\/\/uds-parts.com\/wp-content\/uploads\/Landbouw-tuinbouw-machines-onderdelen-UDS-1024x683.jpg);background-position:50% 50%\"><img decoding=\"async\" width=\"1024\" height=\"683\" src=\"https:\/\/uds-parts.com\/wp-content\/uploads\/Landbouw-tuinbouw-machines-onderdelen-UDS-1024x683.jpg\" alt=\"Landbouw-tuinbouw-machines-onderdelen-UDS\" class=\"wp-image-50315 size-full\" srcset=\"https:\/\/uds-parts.com\/wp-content\/uploads\/\/Landbouw-tuinbouw-machines-onderdelen-UDS-1024x683.jpg 1024w, https:\/\/uds-parts.com\/wp-content\/uploads\/\/Landbouw-tuinbouw-machines-onderdelen-UDS-300x200.jpg 300w, https:\/\/uds-parts.com\/wp-content\/uploads\/\/Landbouw-tuinbouw-machines-onderdelen-UDS-600x400.jpg 600w, https:\/\/uds-parts.com\/wp-content\/uploads\/\/Landbouw-tuinbouw-machines-onderdelen-UDS-400x267.jpg 400w, https:\/\/uds-parts.com\/wp-content\/uploads\/\/Landbouw-tuinbouw-machines-onderdelen-UDS-768x512.jpg 768w, https:\/\/uds-parts.com\/wp-content\/uploads\/\/Landbouw-tuinbouw-machines-onderdelen-UDS.jpg 1254w\" sizes=\"(max-width: 1024px) 100vw, 1024px\" \/><\/figure><\/div>\n<\/div>\n\n\n\n<div style=\"height:70px;--spacer-height:70px\" aria-hidden=\"true\" class=\"wp-block-spacer\"><\/div>\n\n\n\n<h2 class=\"wp-block-heading\">Beispiele f\u00fcr Produkte von BBM, Italien<\/h2>\n\n\n\n<div style=\"height:30px;--spacer-height:30px\" aria-hidden=\"true\" class=\"wp-block-spacer\"><\/div>\n\n\n\n<div style=\"height:70px;--spacer-height:70px\" aria-hidden=\"true\" class=\"wp-block-spacer\"><\/div>\n\n\n\n<p><\/p>\n","protected":false},"excerpt":{"rendered":"<p>BBM, Italien BBM S.p.A. ist ein f\u00fchrender Hersteller von hochwertigen geschmiedeten Komponenten wie Zug\u00f6sen, Anh\u00e4ngerkupplungen und anderen Teilen f\u00fcr Anh\u00e4nger, Landmaschinen und Industriefahrzeuge. Diese Bauteile sind f\u00fcr maximale Festigkeit, Zuverl\u00e4ssigkeit und Leistung auch in den anspruchsvollsten Arbeitsumgebungen konzipiert. Mit dem Fokus auf Qualit\u00e4t und Innovation bietet BBM nachhaltige L\u00f6sungen f\u00fcr die Landwirtschafts- und Industriebereiche. Die [&hellip;]<\/p>\n","protected":false},"author":1350,"featured_media":52589,"parent":11340,"menu_order":2,"comment_status":"closed","ping_status":"closed","template":"","meta":{"_acf_changed":false,"_eb_attr":"","_relevanssi_hide_post":"","_relevanssi_hide_content":"","_relevanssi_pin_for_all":"","_relevanssi_pin_keywords":"","_relevanssi_unpin_keywords":"","_relevanssi_related_keywords":"","_relevanssi_related_include_ids":"","_relevanssi_related_exclude_ids":"","_relevanssi_related_no_append":"","_relevanssi_related_not_related":"","_relevanssi_related_posts":"16231,45100,35272,35188,30504,16071","_relevanssi_noindex_reason":"WooCommerce Yoast SEO Relevanssi index exclude","inline_featured_image":false,"footnotes":""},"class_list":["post-51021","page","type-page","status-publish","has-post-thumbnail","hentry"],"acf":[],"yoast_head":"<!-- This site is optimized with the Yoast SEO plugin v27.2 - https:\/\/yoast.com\/product\/yoast-seo-wordpress\/ -->\n<title>BBM Italien - UDS Parts<\/title>\n<meta name=\"robots\" content=\"index, follow, max-snippet:-1, max-image-preview:large, max-video-preview:-1\" \/>\n<link rel=\"canonical\" href=\"https:\/\/uds-parts.com\/de\/marken-lieferanten\/aksan-kardan\/\" \/>\n<meta property=\"og:locale\" content=\"de_DE\" \/>\n<meta property=\"og:type\" content=\"article\" \/>\n<meta property=\"og:title\" content=\"BBM Italien - UDS Parts\" \/>\n<meta property=\"og:description\" content=\"BBM, Italien BBM S.p.A. ist ein f\u00fchrender Hersteller von hochwertigen geschmiedeten Komponenten wie Zug\u00f6sen, Anh\u00e4ngerkupplungen und anderen Teilen f\u00fcr Anh\u00e4nger, Landmaschinen und Industriefahrzeuge. Diese Bauteile sind f\u00fcr maximale Festigkeit, Zuverl\u00e4ssigkeit und Leistung auch in den anspruchsvollsten Arbeitsumgebungen konzipiert. Mit dem Fokus auf Qualit\u00e4t und Innovation bietet BBM nachhaltige L\u00f6sungen f\u00fcr die Landwirtschafts- und Industriebereiche. Die [&hellip;]\" \/>\n<meta property=\"og:url\" content=\"https:\/\/uds-parts.com\/de\/marken-lieferanten\/aksan-kardan\/\" \/>\n<meta property=\"og:site_name\" content=\"UDS Parts\" \/>\n<meta property=\"article:modified_time\" content=\"2024-11-29T07:39:53+00:00\" \/>\n<meta property=\"og:image\" content=\"https:\/\/uds-parts.com\/wp-content\/uploads\/BBM-logo-N.jpg\" \/>\n\t<meta property=\"og:image:width\" content=\"435\" \/>\n\t<meta property=\"og:image:height\" content=\"116\" \/>\n\t<meta property=\"og:image:type\" content=\"image\/jpeg\" \/>\n<meta name=\"twitter:card\" content=\"summary_large_image\" \/>\n<meta name=\"twitter:label1\" content=\"Gesch\u00e4tzte Lesezeit\" \/>\n\t<meta name=\"twitter:data1\" content=\"1\u00a0Minute\" \/>\n<script type=\"application\/ld+json\" class=\"yoast-schema-graph\">{\"@context\":\"https:\/\/schema.org\",\"@graph\":[{\"@type\":\"WebPage\",\"@id\":\"https:\/\/uds-parts.com\/de\/marken-lieferanten\/aksan-kardan\/\",\"url\":\"https:\/\/uds-parts.com\/de\/marken-lieferanten\/aksan-kardan\/\",\"name\":\"BBM Italien - UDS Parts\",\"isPartOf\":{\"@id\":\"https:\/\/uds-parts.com\/#website\"},\"primaryImageOfPage\":{\"@id\":\"https:\/\/uds-parts.com\/de\/marken-lieferanten\/aksan-kardan\/#primaryimage\"},\"image\":{\"@id\":\"https:\/\/uds-parts.com\/de\/marken-lieferanten\/aksan-kardan\/#primaryimage\"},\"thumbnailUrl\":\"https:\/\/uds-parts.com\/wp-content\/uploads\/BBM-logo-N.jpg\",\"datePublished\":\"2023-10-31T08:13:48+00:00\",\"dateModified\":\"2024-11-29T07:39:53+00:00\",\"breadcrumb\":{\"@id\":\"https:\/\/uds-parts.com\/de\/marken-lieferanten\/aksan-kardan\/#breadcrumb\"},\"inLanguage\":\"de\",\"potentialAction\":[{\"@type\":\"ReadAction\",\"target\":[\"https:\/\/uds-parts.com\/de\/marken-lieferanten\/aksan-kardan\/\"]}]},{\"@type\":\"ImageObject\",\"inLanguage\":\"de\",\"@id\":\"https:\/\/uds-parts.com\/de\/marken-lieferanten\/aksan-kardan\/#primaryimage\",\"url\":\"https:\/\/uds-parts.com\/wp-content\/uploads\/BBM-logo-N.jpg\",\"contentUrl\":\"https:\/\/uds-parts.com\/wp-content\/uploads\/BBM-logo-N.jpg\",\"width\":435,\"height\":116},{\"@type\":\"BreadcrumbList\",\"@id\":\"https:\/\/uds-parts.com\/de\/marken-lieferanten\/aksan-kardan\/#breadcrumb\",\"itemListElement\":[{\"@type\":\"ListItem\",\"position\":1,\"name\":\"Home\",\"item\":\"https:\/\/uds-parts.com\/de\/\"},{\"@type\":\"ListItem\",\"position\":2,\"name\":\"Marken\/Lieferanten\",\"item\":\"https:\/\/uds-parts.com\/de\/marken-lieferanten\/\"},{\"@type\":\"ListItem\",\"position\":3,\"name\":\"BBM Italien\"}]},{\"@type\":\"WebSite\",\"@id\":\"https:\/\/uds-parts.com\/#website\",\"url\":\"https:\/\/uds-parts.com\/\",\"name\":\"United Driveline Systems\",\"description\":\"United Driveline Systems\",\"publisher\":{\"@id\":\"https:\/\/uds-parts.com\/#organization\"},\"alternateName\":\"UDS Parts\",\"potentialAction\":[{\"@type\":\"SearchAction\",\"target\":{\"@type\":\"EntryPoint\",\"urlTemplate\":\"https:\/\/uds-parts.com\/?s={search_term_string}\"},\"query-input\":{\"@type\":\"PropertyValueSpecification\",\"valueRequired\":true,\"valueName\":\"search_term_string\"}}],\"inLanguage\":\"de\"},{\"@type\":\"Organization\",\"@id\":\"https:\/\/uds-parts.com\/#organization\",\"name\":\"United Driveline Systems b.v.\",\"alternateName\":\"UDS Parts\",\"url\":\"https:\/\/uds-parts.com\/\",\"logo\":{\"@type\":\"ImageObject\",\"inLanguage\":\"de\",\"@id\":\"https:\/\/uds-parts.com\/#\/schema\/logo\/image\/\",\"url\":\"https:\/\/uds-parts.com\/wp-content\/uploads\/UDS-Logo-1.jpg\",\"contentUrl\":\"https:\/\/uds-parts.com\/wp-content\/uploads\/UDS-Logo-1.jpg\",\"width\":803,\"height\":342,\"caption\":\"United Driveline Systems b.v.\"},\"image\":{\"@id\":\"https:\/\/uds-parts.com\/#\/schema\/logo\/image\/\"},\"sameAs\":[\"https:\/\/www.instagram.com\/uds_parts\/\",\"https:\/\/nl.linkedin.com\/company\/united-driveline-systems-bv\"]}]}<\/script>\n<!-- \/ Yoast SEO plugin. -->","yoast_head_json":{"title":"BBM Italien - UDS Parts","robots":{"index":"index","follow":"follow","max-snippet":"max-snippet:-1","max-image-preview":"max-image-preview:large","max-video-preview":"max-video-preview:-1"},"canonical":"https:\/\/uds-parts.com\/de\/marken-lieferanten\/aksan-kardan\/","og_locale":"de_DE","og_type":"article","og_title":"BBM Italien - UDS Parts","og_description":"BBM, Italien BBM S.p.A. ist ein f\u00fchrender Hersteller von hochwertigen geschmiedeten Komponenten wie Zug\u00f6sen, Anh\u00e4ngerkupplungen und anderen Teilen f\u00fcr Anh\u00e4nger, Landmaschinen und Industriefahrzeuge. Diese Bauteile sind f\u00fcr maximale Festigkeit, Zuverl\u00e4ssigkeit und Leistung auch in den anspruchsvollsten Arbeitsumgebungen konzipiert. Mit dem Fokus auf Qualit\u00e4t und Innovation bietet BBM nachhaltige L\u00f6sungen f\u00fcr die Landwirtschafts- und Industriebereiche. Die [&hellip;]","og_url":"https:\/\/uds-parts.com\/de\/marken-lieferanten\/aksan-kardan\/","og_site_name":"UDS Parts","article_modified_time":"2024-11-29T07:39:53+00:00","og_image":[{"width":435,"height":116,"url":"https:\/\/uds-parts.com\/wp-content\/uploads\/BBM-logo-N.jpg","type":"image\/jpeg"}],"twitter_card":"summary_large_image","twitter_misc":{"Gesch\u00e4tzte Lesezeit":"1\u00a0Minute"},"schema":{"@context":"https:\/\/schema.org","@graph":[{"@type":"WebPage","@id":"https:\/\/uds-parts.com\/de\/marken-lieferanten\/aksan-kardan\/","url":"https:\/\/uds-parts.com\/de\/marken-lieferanten\/aksan-kardan\/","name":"BBM Italien - UDS Parts","isPartOf":{"@id":"https:\/\/uds-parts.com\/#website"},"primaryImageOfPage":{"@id":"https:\/\/uds-parts.com\/de\/marken-lieferanten\/aksan-kardan\/#primaryimage"},"image":{"@id":"https:\/\/uds-parts.com\/de\/marken-lieferanten\/aksan-kardan\/#primaryimage"},"thumbnailUrl":"https:\/\/uds-parts.com\/wp-content\/uploads\/BBM-logo-N.jpg","datePublished":"2023-10-31T08:13:48+00:00","dateModified":"2024-11-29T07:39:53+00:00","breadcrumb":{"@id":"https:\/\/uds-parts.com\/de\/marken-lieferanten\/aksan-kardan\/#breadcrumb"},"inLanguage":"de","potentialAction":[{"@type":"ReadAction","target":["https:\/\/uds-parts.com\/de\/marken-lieferanten\/aksan-kardan\/"]}]},{"@type":"ImageObject","inLanguage":"de","@id":"https:\/\/uds-parts.com\/de\/marken-lieferanten\/aksan-kardan\/#primaryimage","url":"https:\/\/uds-parts.com\/wp-content\/uploads\/BBM-logo-N.jpg","contentUrl":"https:\/\/uds-parts.com\/wp-content\/uploads\/BBM-logo-N.jpg","width":435,"height":116},{"@type":"BreadcrumbList","@id":"https:\/\/uds-parts.com\/de\/marken-lieferanten\/aksan-kardan\/#breadcrumb","itemListElement":[{"@type":"ListItem","position":1,"name":"Home","item":"https:\/\/uds-parts.com\/de\/"},{"@type":"ListItem","position":2,"name":"Marken\/Lieferanten","item":"https:\/\/uds-parts.com\/de\/marken-lieferanten\/"},{"@type":"ListItem","position":3,"name":"BBM Italien"}]},{"@type":"WebSite","@id":"https:\/\/uds-parts.com\/#website","url":"https:\/\/uds-parts.com\/","name":"United Driveline Systems","description":"United Driveline Systems","publisher":{"@id":"https:\/\/uds-parts.com\/#organization"},"alternateName":"UDS Parts","potentialAction":[{"@type":"SearchAction","target":{"@type":"EntryPoint","urlTemplate":"https:\/\/uds-parts.com\/?s={search_term_string}"},"query-input":{"@type":"PropertyValueSpecification","valueRequired":true,"valueName":"search_term_string"}}],"inLanguage":"de"},{"@type":"Organization","@id":"https:\/\/uds-parts.com\/#organization","name":"United Driveline Systems b.v.","alternateName":"UDS Parts","url":"https:\/\/uds-parts.com\/","logo":{"@type":"ImageObject","inLanguage":"de","@id":"https:\/\/uds-parts.com\/#\/schema\/logo\/image\/","url":"https:\/\/uds-parts.com\/wp-content\/uploads\/UDS-Logo-1.jpg","contentUrl":"https:\/\/uds-parts.com\/wp-content\/uploads\/UDS-Logo-1.jpg","width":803,"height":342,"caption":"United Driveline Systems b.v."},"image":{"@id":"https:\/\/uds-parts.com\/#\/schema\/logo\/image\/"},"sameAs":["https:\/\/www.instagram.com\/uds_parts\/","https:\/\/nl.linkedin.com\/company\/united-driveline-systems-bv"]}]}},"_links":{"self":[{"href":"https:\/\/uds-parts.com\/de\/wp-json\/wp\/v2\/pages\/51021","targetHints":{"allow":["GET"]}}],"collection":[{"href":"https:\/\/uds-parts.com\/de\/wp-json\/wp\/v2\/pages"}],"about":[{"href":"https:\/\/uds-parts.com\/de\/wp-json\/wp\/v2\/types\/page"}],"author":[{"embeddable":true,"href":"https:\/\/uds-parts.com\/de\/wp-json\/wp\/v2\/users\/1350"}],"replies":[{"embeddable":true,"href":"https:\/\/uds-parts.com\/de\/wp-json\/wp\/v2\/comments?post=51021"}],"version-history":[{"count":0,"href":"https:\/\/uds-parts.com\/de\/wp-json\/wp\/v2\/pages\/51021\/revisions"}],"up":[{"embeddable":true,"href":"https:\/\/uds-parts.com\/de\/wp-json\/wp\/v2\/pages\/11340"}],"wp:featuredmedia":[{"embeddable":true,"href":"https:\/\/uds-parts.com\/de\/wp-json\/wp\/v2\/media\/52589"}],"wp:attachment":[{"href":"https:\/\/uds-parts.com\/de\/wp-json\/wp\/v2\/media?parent=51021"}],"curies":[{"name":"wp","href":"https:\/\/api.w.org\/{rel}","templated":true}]}}