{"id":50858,"date":"2023-10-17T11:55:10","date_gmt":"2023-10-17T09:55:10","guid":{"rendered":"https:\/\/uds-parts.com\/marken-lieferanten\/o-f-a-s\/"},"modified":"2024-11-29T08:57:37","modified_gmt":"2024-11-29T07:57:37","slug":"o-f-a-s","status":"publish","type":"page","link":"https:\/\/uds-parts.com\/de\/marken-lieferanten\/o-f-a-s\/","title":{"rendered":"O.F.A.S."},"content":{"rendered":"\n<div class=\"wp-block-group alignfull has-color-5-background-color has-background is-layout-constrained wp-container-core-group-is-layout-c6d858f5 wp-block-group-is-layout-constrained\" id=\"header\" style=\"padding-top:0px;padding-right:0px;padding-bottom:0px;padding-left:0px\">\n<div class=\"wp-block-media-text has-media-on-the-right is-stacked-on-mobile is-image-fill is-media-expanded\" style=\"grid-template-columns:auto 40%\"><div class=\"wp-block-media-text__content\">\n<div style=\"height:70px;--spacer-height:70px\" aria-hidden=\"true\" class=\"wp-block-spacer\"><\/div>\n\n\n<div class=\"yoast-breadcrumbs wp-block-yoast-seo-breadcrumbs\"><span><span><a href=\"https:\/\/uds-parts.com\/de\/\">Home<\/a><\/span> \/\/ <span><a href=\"https:\/\/uds-parts.com\/de\/marken-lieferanten\/\">Marken\/Lieferanten<\/a><\/span> \/\/ <span class=\"breadcrumb_last\" aria-current=\"page\">O.F.A.S.<\/span><\/span><\/div>\n\n\n<div style=\"height:10px;--spacer-height:10px\" aria-hidden=\"true\" class=\"wp-block-spacer\"><\/div>\n\n\n\n<h1 class=\"wp-block-heading has-text-color\" style=\"color:#323232\">O.F.A.S., Italien<\/h1>\n\n\n\n<p>O.F.A.S. S.p.A. ist ein f\u00fchrender Hersteller von hochwertigen Verschlei\u00dfteilen wie Eggeschijven, Messern, R\u00e4dern und anderen Komponenten, haupts\u00e4chlich f\u00fcr Bodenbearbeitungs- und S\u00e4maschinen. Das 1950 gegr\u00fcndete Unternehmen hat seinen Ursprung in einem kleinen Familienbetrieb und ist heute ein wahrer Spezialist f\u00fcr die oben genannten Komponenten mit einem Fokus auf Qualit\u00e4t, Langlebigkeit und ma\u00dfgeschneiderte L\u00f6sungen.<\/p>\n\n\n\n<p>O.F.A.S. verwendet ausschlie\u00dflich Stahl von h\u00f6chster Qualit\u00e4t aus europ\u00e4ischen Stahlwerken und setzt fortschrittliche Technologien ein, um die Leistung und Lebensdauer seiner Produkte zu optimieren. Flexibilit\u00e4t und Kundenorientierung stehen im Mittelpunkt ihrer Philosophie, was es ihnen erm\u00f6glicht, stets den spezifischen Anforderungen ihrer Kunden gerecht zu werden.<\/p>\n\n\n\n<div class=\"wp-block-buttons is-layout-flex wp-block-buttons-is-layout-flex\"><\/div>\n\n\n\n<div style=\"height:70px;--spacer-height:70px\" aria-hidden=\"true\" class=\"wp-block-spacer\"><\/div>\n<\/div><figure class=\"wp-block-media-text__media\" style=\"background-image:url(https:\/\/uds-parts.com\/wp-content\/uploads\/Landbouw-tuinbouw-machines-onderdelen-UDS-1024x683.jpg);background-position:50% 50%\"><img decoding=\"async\" width=\"1024\" height=\"683\" src=\"https:\/\/uds-parts.com\/wp-content\/uploads\/Landbouw-tuinbouw-machines-onderdelen-UDS-1024x683.jpg\" alt=\"Landbouw-tuinbouw-machines-onderdelen-UDS\" class=\"wp-image-50315 size-full\" srcset=\"https:\/\/uds-parts.com\/wp-content\/uploads\/\/Landbouw-tuinbouw-machines-onderdelen-UDS-1024x683.jpg 1024w, https:\/\/uds-parts.com\/wp-content\/uploads\/\/Landbouw-tuinbouw-machines-onderdelen-UDS-300x200.jpg 300w, https:\/\/uds-parts.com\/wp-content\/uploads\/\/Landbouw-tuinbouw-machines-onderdelen-UDS-600x400.jpg 600w, https:\/\/uds-parts.com\/wp-content\/uploads\/\/Landbouw-tuinbouw-machines-onderdelen-UDS-400x267.jpg 400w, https:\/\/uds-parts.com\/wp-content\/uploads\/\/Landbouw-tuinbouw-machines-onderdelen-UDS-768x512.jpg 768w, https:\/\/uds-parts.com\/wp-content\/uploads\/\/Landbouw-tuinbouw-machines-onderdelen-UDS.jpg 1254w\" sizes=\"(max-width: 1024px) 100vw, 1024px\" \/><\/figure><\/div>\n<\/div>\n\n\n\n<div style=\"height:70px;--spacer-height:70px\" aria-hidden=\"true\" class=\"wp-block-spacer\"><\/div>\n\n\n\n<h2 class=\"wp-block-heading\">Beispiele f\u00fcr Produkte von O.F.A.S.<\/h2>\n\n\n\n<div style=\"height:30px;--spacer-height:30px\" aria-hidden=\"true\" class=\"wp-block-spacer\"><\/div>\n\n\n\n<div style=\"height:70px;--spacer-height:70px\" aria-hidden=\"true\" class=\"wp-block-spacer\"><\/div>\n","protected":false},"excerpt":{"rendered":"<p>O.F.A.S., Italien O.F.A.S. S.p.A. ist ein f\u00fchrender Hersteller von hochwertigen Verschlei\u00dfteilen wie Eggeschijven, Messern, R\u00e4dern und anderen Komponenten, haupts\u00e4chlich f\u00fcr Bodenbearbeitungs- und S\u00e4maschinen. Das 1950 gegr\u00fcndete Unternehmen hat seinen Ursprung in einem kleinen Familienbetrieb und ist heute ein wahrer Spezialist f\u00fcr die oben genannten Komponenten mit einem Fokus auf Qualit\u00e4t, Langlebigkeit und ma\u00dfgeschneiderte L\u00f6sungen. O.F.A.S. [&hellip;]<\/p>\n","protected":false},"author":1350,"featured_media":51356,"parent":11340,"menu_order":8,"comment_status":"closed","ping_status":"closed","template":"","meta":{"_acf_changed":false,"_eb_attr":"","_relevanssi_hide_post":"","_relevanssi_hide_content":"","_relevanssi_pin_for_all":"","_relevanssi_pin_keywords":"","_relevanssi_unpin_keywords":"","_relevanssi_related_keywords":"","_relevanssi_related_include_ids":"","_relevanssi_related_exclude_ids":"","_relevanssi_related_no_append":"","_relevanssi_related_not_related":"","_relevanssi_related_posts":"11312,36023,35272,31453,45100,30504","_relevanssi_noindex_reason":"","inline_featured_image":false,"footnotes":""},"class_list":["post-50858","page","type-page","status-publish","has-post-thumbnail","hentry"],"acf":[],"yoast_head":"<!-- This site is optimized with the Yoast SEO plugin v27.2 - https:\/\/yoast.com\/product\/yoast-seo-wordpress\/ -->\n<title>O.F.A.S. - UDS Parts<\/title>\n<meta name=\"robots\" content=\"index, follow, max-snippet:-1, max-image-preview:large, max-video-preview:-1\" \/>\n<link rel=\"canonical\" href=\"https:\/\/uds-parts.com\/de\/marken-lieferanten\/o-f-a-s\/\" \/>\n<meta property=\"og:locale\" content=\"de_DE\" \/>\n<meta property=\"og:type\" content=\"article\" \/>\n<meta property=\"og:title\" content=\"O.F.A.S. - UDS Parts\" \/>\n<meta property=\"og:description\" content=\"O.F.A.S., Italien O.F.A.S. S.p.A. ist ein f\u00fchrender Hersteller von hochwertigen Verschlei\u00dfteilen wie Eggeschijven, Messern, R\u00e4dern und anderen Komponenten, haupts\u00e4chlich f\u00fcr Bodenbearbeitungs- und S\u00e4maschinen. Das 1950 gegr\u00fcndete Unternehmen hat seinen Ursprung in einem kleinen Familienbetrieb und ist heute ein wahrer Spezialist f\u00fcr die oben genannten Komponenten mit einem Fokus auf Qualit\u00e4t, Langlebigkeit und ma\u00dfgeschneiderte L\u00f6sungen. O.F.A.S. [&hellip;]\" \/>\n<meta property=\"og:url\" content=\"https:\/\/uds-parts.com\/de\/marken-lieferanten\/o-f-a-s\/\" \/>\n<meta property=\"og:site_name\" content=\"UDS Parts\" \/>\n<meta property=\"article:modified_time\" content=\"2024-11-29T07:57:37+00:00\" \/>\n<meta property=\"og:image\" content=\"https:\/\/uds-parts.com\/wp-content\/uploads\/ofas-logo-vierkant.png\" \/>\n\t<meta property=\"og:image:width\" content=\"445\" \/>\n\t<meta property=\"og:image:height\" content=\"445\" \/>\n\t<meta property=\"og:image:type\" content=\"image\/png\" \/>\n<meta name=\"twitter:card\" content=\"summary_large_image\" \/>\n<meta name=\"twitter:label1\" content=\"Gesch\u00e4tzte Lesezeit\" \/>\n\t<meta name=\"twitter:data1\" content=\"1\u00a0Minute\" \/>\n<script type=\"application\/ld+json\" class=\"yoast-schema-graph\">{\"@context\":\"https:\/\/schema.org\",\"@graph\":[{\"@type\":\"WebPage\",\"@id\":\"https:\/\/uds-parts.com\/de\/marken-lieferanten\/o-f-a-s\/\",\"url\":\"https:\/\/uds-parts.com\/de\/marken-lieferanten\/o-f-a-s\/\",\"name\":\"O.F.A.S. - UDS Parts\",\"isPartOf\":{\"@id\":\"https:\/\/uds-parts.com\/#website\"},\"primaryImageOfPage\":{\"@id\":\"https:\/\/uds-parts.com\/de\/marken-lieferanten\/o-f-a-s\/#primaryimage\"},\"image\":{\"@id\":\"https:\/\/uds-parts.com\/de\/marken-lieferanten\/o-f-a-s\/#primaryimage\"},\"thumbnailUrl\":\"https:\/\/uds-parts.com\/wp-content\/uploads\/ofas-logo-vierkant.png\",\"datePublished\":\"2023-10-17T09:55:10+00:00\",\"dateModified\":\"2024-11-29T07:57:37+00:00\",\"breadcrumb\":{\"@id\":\"https:\/\/uds-parts.com\/de\/marken-lieferanten\/o-f-a-s\/#breadcrumb\"},\"inLanguage\":\"de\",\"potentialAction\":[{\"@type\":\"ReadAction\",\"target\":[\"https:\/\/uds-parts.com\/de\/marken-lieferanten\/o-f-a-s\/\"]}]},{\"@type\":\"ImageObject\",\"inLanguage\":\"de\",\"@id\":\"https:\/\/uds-parts.com\/de\/marken-lieferanten\/o-f-a-s\/#primaryimage\",\"url\":\"https:\/\/uds-parts.com\/wp-content\/uploads\/ofas-logo-vierkant.png\",\"contentUrl\":\"https:\/\/uds-parts.com\/wp-content\/uploads\/ofas-logo-vierkant.png\",\"width\":445,\"height\":445},{\"@type\":\"BreadcrumbList\",\"@id\":\"https:\/\/uds-parts.com\/de\/marken-lieferanten\/o-f-a-s\/#breadcrumb\",\"itemListElement\":[{\"@type\":\"ListItem\",\"position\":1,\"name\":\"Home\",\"item\":\"https:\/\/uds-parts.com\/de\/\"},{\"@type\":\"ListItem\",\"position\":2,\"name\":\"Marken\/Lieferanten\",\"item\":\"https:\/\/uds-parts.com\/de\/marken-lieferanten\/\"},{\"@type\":\"ListItem\",\"position\":3,\"name\":\"O.F.A.S.\"}]},{\"@type\":\"WebSite\",\"@id\":\"https:\/\/uds-parts.com\/#website\",\"url\":\"https:\/\/uds-parts.com\/\",\"name\":\"United Driveline Systems\",\"description\":\"United Driveline Systems\",\"publisher\":{\"@id\":\"https:\/\/uds-parts.com\/#organization\"},\"alternateName\":\"UDS Parts\",\"potentialAction\":[{\"@type\":\"SearchAction\",\"target\":{\"@type\":\"EntryPoint\",\"urlTemplate\":\"https:\/\/uds-parts.com\/?s={search_term_string}\"},\"query-input\":{\"@type\":\"PropertyValueSpecification\",\"valueRequired\":true,\"valueName\":\"search_term_string\"}}],\"inLanguage\":\"de\"},{\"@type\":\"Organization\",\"@id\":\"https:\/\/uds-parts.com\/#organization\",\"name\":\"United Driveline Systems b.v.\",\"alternateName\":\"UDS Parts\",\"url\":\"https:\/\/uds-parts.com\/\",\"logo\":{\"@type\":\"ImageObject\",\"inLanguage\":\"de\",\"@id\":\"https:\/\/uds-parts.com\/#\/schema\/logo\/image\/\",\"url\":\"https:\/\/uds-parts.com\/wp-content\/uploads\/UDS-Logo-1.jpg\",\"contentUrl\":\"https:\/\/uds-parts.com\/wp-content\/uploads\/UDS-Logo-1.jpg\",\"width\":803,\"height\":342,\"caption\":\"United Driveline Systems b.v.\"},\"image\":{\"@id\":\"https:\/\/uds-parts.com\/#\/schema\/logo\/image\/\"},\"sameAs\":[\"https:\/\/www.instagram.com\/uds_parts\/\",\"https:\/\/nl.linkedin.com\/company\/united-driveline-systems-bv\"]}]}<\/script>\n<!-- \/ Yoast SEO plugin. -->","yoast_head_json":{"title":"O.F.A.S. - UDS Parts","robots":{"index":"index","follow":"follow","max-snippet":"max-snippet:-1","max-image-preview":"max-image-preview:large","max-video-preview":"max-video-preview:-1"},"canonical":"https:\/\/uds-parts.com\/de\/marken-lieferanten\/o-f-a-s\/","og_locale":"de_DE","og_type":"article","og_title":"O.F.A.S. - UDS Parts","og_description":"O.F.A.S., Italien O.F.A.S. S.p.A. ist ein f\u00fchrender Hersteller von hochwertigen Verschlei\u00dfteilen wie Eggeschijven, Messern, R\u00e4dern und anderen Komponenten, haupts\u00e4chlich f\u00fcr Bodenbearbeitungs- und S\u00e4maschinen. Das 1950 gegr\u00fcndete Unternehmen hat seinen Ursprung in einem kleinen Familienbetrieb und ist heute ein wahrer Spezialist f\u00fcr die oben genannten Komponenten mit einem Fokus auf Qualit\u00e4t, Langlebigkeit und ma\u00dfgeschneiderte L\u00f6sungen. O.F.A.S. [&hellip;]","og_url":"https:\/\/uds-parts.com\/de\/marken-lieferanten\/o-f-a-s\/","og_site_name":"UDS Parts","article_modified_time":"2024-11-29T07:57:37+00:00","og_image":[{"width":445,"height":445,"url":"https:\/\/uds-parts.com\/wp-content\/uploads\/ofas-logo-vierkant.png","type":"image\/png"}],"twitter_card":"summary_large_image","twitter_misc":{"Gesch\u00e4tzte Lesezeit":"1\u00a0Minute"},"schema":{"@context":"https:\/\/schema.org","@graph":[{"@type":"WebPage","@id":"https:\/\/uds-parts.com\/de\/marken-lieferanten\/o-f-a-s\/","url":"https:\/\/uds-parts.com\/de\/marken-lieferanten\/o-f-a-s\/","name":"O.F.A.S. - UDS Parts","isPartOf":{"@id":"https:\/\/uds-parts.com\/#website"},"primaryImageOfPage":{"@id":"https:\/\/uds-parts.com\/de\/marken-lieferanten\/o-f-a-s\/#primaryimage"},"image":{"@id":"https:\/\/uds-parts.com\/de\/marken-lieferanten\/o-f-a-s\/#primaryimage"},"thumbnailUrl":"https:\/\/uds-parts.com\/wp-content\/uploads\/ofas-logo-vierkant.png","datePublished":"2023-10-17T09:55:10+00:00","dateModified":"2024-11-29T07:57:37+00:00","breadcrumb":{"@id":"https:\/\/uds-parts.com\/de\/marken-lieferanten\/o-f-a-s\/#breadcrumb"},"inLanguage":"de","potentialAction":[{"@type":"ReadAction","target":["https:\/\/uds-parts.com\/de\/marken-lieferanten\/o-f-a-s\/"]}]},{"@type":"ImageObject","inLanguage":"de","@id":"https:\/\/uds-parts.com\/de\/marken-lieferanten\/o-f-a-s\/#primaryimage","url":"https:\/\/uds-parts.com\/wp-content\/uploads\/ofas-logo-vierkant.png","contentUrl":"https:\/\/uds-parts.com\/wp-content\/uploads\/ofas-logo-vierkant.png","width":445,"height":445},{"@type":"BreadcrumbList","@id":"https:\/\/uds-parts.com\/de\/marken-lieferanten\/o-f-a-s\/#breadcrumb","itemListElement":[{"@type":"ListItem","position":1,"name":"Home","item":"https:\/\/uds-parts.com\/de\/"},{"@type":"ListItem","position":2,"name":"Marken\/Lieferanten","item":"https:\/\/uds-parts.com\/de\/marken-lieferanten\/"},{"@type":"ListItem","position":3,"name":"O.F.A.S."}]},{"@type":"WebSite","@id":"https:\/\/uds-parts.com\/#website","url":"https:\/\/uds-parts.com\/","name":"United Driveline Systems","description":"United Driveline Systems","publisher":{"@id":"https:\/\/uds-parts.com\/#organization"},"alternateName":"UDS Parts","potentialAction":[{"@type":"SearchAction","target":{"@type":"EntryPoint","urlTemplate":"https:\/\/uds-parts.com\/?s={search_term_string}"},"query-input":{"@type":"PropertyValueSpecification","valueRequired":true,"valueName":"search_term_string"}}],"inLanguage":"de"},{"@type":"Organization","@id":"https:\/\/uds-parts.com\/#organization","name":"United Driveline Systems b.v.","alternateName":"UDS Parts","url":"https:\/\/uds-parts.com\/","logo":{"@type":"ImageObject","inLanguage":"de","@id":"https:\/\/uds-parts.com\/#\/schema\/logo\/image\/","url":"https:\/\/uds-parts.com\/wp-content\/uploads\/UDS-Logo-1.jpg","contentUrl":"https:\/\/uds-parts.com\/wp-content\/uploads\/UDS-Logo-1.jpg","width":803,"height":342,"caption":"United Driveline Systems b.v."},"image":{"@id":"https:\/\/uds-parts.com\/#\/schema\/logo\/image\/"},"sameAs":["https:\/\/www.instagram.com\/uds_parts\/","https:\/\/nl.linkedin.com\/company\/united-driveline-systems-bv"]}]}},"_links":{"self":[{"href":"https:\/\/uds-parts.com\/de\/wp-json\/wp\/v2\/pages\/50858","targetHints":{"allow":["GET"]}}],"collection":[{"href":"https:\/\/uds-parts.com\/de\/wp-json\/wp\/v2\/pages"}],"about":[{"href":"https:\/\/uds-parts.com\/de\/wp-json\/wp\/v2\/types\/page"}],"author":[{"embeddable":true,"href":"https:\/\/uds-parts.com\/de\/wp-json\/wp\/v2\/users\/1350"}],"replies":[{"embeddable":true,"href":"https:\/\/uds-parts.com\/de\/wp-json\/wp\/v2\/comments?post=50858"}],"version-history":[{"count":0,"href":"https:\/\/uds-parts.com\/de\/wp-json\/wp\/v2\/pages\/50858\/revisions"}],"up":[{"embeddable":true,"href":"https:\/\/uds-parts.com\/de\/wp-json\/wp\/v2\/pages\/11340"}],"wp:featuredmedia":[{"embeddable":true,"href":"https:\/\/uds-parts.com\/de\/wp-json\/wp\/v2\/media\/51356"}],"wp:attachment":[{"href":"https:\/\/uds-parts.com\/de\/wp-json\/wp\/v2\/media?parent=50858"}],"curies":[{"name":"wp","href":"https:\/\/api.w.org\/{rel}","templated":true}]}}