{"id":50521,"date":"2023-10-26T12:01:11","date_gmt":"2023-10-26T10:01:11","guid":{"rendered":"https:\/\/uds-parts.com\/?page_id=50521"},"modified":"2023-11-08T10:41:47","modified_gmt":"2023-11-08T09:41:47","slug":"lieferung-erstausruester","status":"publish","type":"page","link":"https:\/\/uds-parts.com\/de\/lieferung-erstausruester\/","title":{"rendered":"Lieferung Erstausr\u00fcster"},"content":{"rendered":"\n<div class=\"wp-block-group alignfull has-color-5-background-color has-background is-layout-constrained wp-container-core-group-is-layout-c6d858f5 wp-block-group-is-layout-constrained\" id=\"header\" style=\"padding-top:0px;padding-right:0px;padding-bottom:0px;padding-left:0px\">\n<div class=\"wp-block-media-text has-media-on-the-right is-stacked-on-mobile is-image-fill is-media-expanded\"><div class=\"wp-block-media-text__content\">\n<div style=\"height:70px;--spacer-height:70px\" aria-hidden=\"true\" class=\"wp-block-spacer\"><\/div>\n\n\n<div class=\"yoast-breadcrumbs wp-block-yoast-seo-breadcrumbs\"><span><span><a href=\"https:\/\/uds-parts.com\/de\/\">Home<\/a><\/span> \/\/ <span class=\"breadcrumb_last\" aria-current=\"page\">Lieferung Erstausr\u00fcster<\/span><\/span><\/div>\n\n\n<div style=\"height:20px;--spacer-height:20px\" aria-hidden=\"true\" class=\"wp-block-spacer\"><\/div>\n\n\n\n<h1 class=\"wp-block-heading\" style=\"font-size:50px;font-style:normal;font-weight:700\">Lieferung Erstausr\u00fcster<\/h1>\n\n\n\n<p>Seit seiner Gr\u00fcndung im Jahr 2008 befasst sich USD haupts\u00e4chlich mit der Lieferung qualitativ hochwertiger (antriebstechnischer) Komponenten an OEM (Erstausr\u00fcster).<\/p>\n\n\n\n<div style=\"height:70px;--spacer-height:70px\" aria-hidden=\"true\" class=\"wp-block-spacer\"><\/div>\n<\/div><figure class=\"wp-block-media-text__media\" style=\"background-image:url(https:\/\/uds-parts.com\/wp-content\/uploads\/Landbouw-tuinbouw-machines-onderdelen-UDS-1024x683.jpg);background-position:50% 50%\"><img decoding=\"async\" width=\"1024\" height=\"683\" src=\"https:\/\/uds-parts.com\/wp-content\/uploads\/Landbouw-tuinbouw-machines-onderdelen-UDS-1024x683.jpg\" alt=\"\" class=\"wp-image-50313 size-full\" srcset=\"https:\/\/uds-parts.com\/wp-content\/uploads\/\/Landbouw-tuinbouw-machines-onderdelen-UDS-1024x683.jpg 1024w, https:\/\/uds-parts.com\/wp-content\/uploads\/\/Landbouw-tuinbouw-machines-onderdelen-UDS-300x200.jpg 300w, https:\/\/uds-parts.com\/wp-content\/uploads\/\/Landbouw-tuinbouw-machines-onderdelen-UDS-600x400.jpg 600w, https:\/\/uds-parts.com\/wp-content\/uploads\/\/Landbouw-tuinbouw-machines-onderdelen-UDS-400x267.jpg 400w, https:\/\/uds-parts.com\/wp-content\/uploads\/\/Landbouw-tuinbouw-machines-onderdelen-UDS-768x512.jpg 768w, https:\/\/uds-parts.com\/wp-content\/uploads\/\/Landbouw-tuinbouw-machines-onderdelen-UDS.jpg 1254w\" sizes=\"(max-width: 1024px) 100vw, 1024px\" \/><\/figure><\/div>\n<\/div>\n\n\n\n<div style=\"height:100px;--spacer-height:100px\" aria-hidden=\"true\" class=\"wp-block-spacer\"><\/div>\n\n\n\n<div id=\"beeld-text\" class=\"wp-block-group is-layout-constrained wp-block-group-is-layout-constrained\">\n<div class=\"wp-block-media-text is-stacked-on-mobile is-image-fill is-media-expanded\" style=\"grid-template-columns:40% auto\"><figure class=\"wp-block-media-text__media\" style=\"background-image:url(https:\/\/uds-parts.com\/wp-content\/uploads\/service-op-maat-UDS-parts-1024x683.jpg);background-position:50% 50%\"><img decoding=\"async\" width=\"1024\" height=\"683\" src=\"https:\/\/uds-parts.com\/wp-content\/uploads\/service-op-maat-UDS-parts-1024x683.jpg\" alt=\"\" class=\"wp-image-50318 size-full\" srcset=\"https:\/\/uds-parts.com\/wp-content\/uploads\/\/service-op-maat-UDS-parts-1024x683.jpg 1024w, https:\/\/uds-parts.com\/wp-content\/uploads\/\/service-op-maat-UDS-parts-300x200.jpg 300w, https:\/\/uds-parts.com\/wp-content\/uploads\/\/service-op-maat-UDS-parts-600x400.jpg 600w, https:\/\/uds-parts.com\/wp-content\/uploads\/\/service-op-maat-UDS-parts-400x267.jpg 400w, https:\/\/uds-parts.com\/wp-content\/uploads\/\/service-op-maat-UDS-parts-768x512.jpg 768w, https:\/\/uds-parts.com\/wp-content\/uploads\/\/service-op-maat-UDS-parts.jpg 1254w\" sizes=\"(max-width: 1024px) 100vw, 1024px\" \/><\/figure><div class=\"wp-block-media-text__content\">\n<h2 class=\"wp-block-heading has-color-7-color has-text-color\" style=\"font-size:45px;font-style:normal;font-weight:700\">Ma\u00dfgeschneiderter Service<\/h2>\n\n\n\n<p>Dank langj\u00e4hriger internationaler Erfahrung der Mitarbeiter in der Zulieferindustrie bietet UDS Service nach Ma\u00df<\/p>\n\n\n\n<ul class=\"wp-block-list\">\n<li>Lieferung aus Vorrat, auf Abruf oder direkt ab Werk unserer Lieferanten, immer in Absprache mit Ihnen als Kunde. Ausgangspunkt sind immer Ihre W\u00fcnsche als Kunde.<\/li>\n\n\n\n<li>Technische Unterst\u00fctzung durch UDS und\/oder unsere Lieferanten.<\/li>\n\n\n\n<li>Zuverl\u00e4ssige Lieferung, unter anderem dank gezielter, auf Ihren Bedarf als Kunde abgestimmte Vorratshaltung und direkte Kommunikation mit unseren Lieferanten.<\/li>\n\n\n\n<li>Wettbewerbsf\u00e4hige Preise: Wir vereinbaren mit Ihnen Nettopreise; Rabatte je Artikel oder Produktgruppe m\u00f6glich. Die Preise werden f\u00fcr einen bestimmten Zeitraum fixiert und Ihnen deutlich mitgeteilt.<\/li>\n<\/ul>\n\n\n\n<p>Das Sortiment von UDS wird fortw\u00e4hrend erweitert. UDS ist eine flexible Organisation, wodurch erg\u00e4nzend zum Standardsortiment auch zahlreiche andere Komponenten geliefert werden k\u00f6nnen. Wenn wir das von Ihnen ben\u00f6tigte Produkt nicht vorr\u00e4tig haben, pr\u00fcfen wir in unserem gro\u00dfen Lieferantennetzwerk, ob wir einen geeigneten Anbieter f\u00fcr Sie finden. <strong>F\u00fcr UDS ist Ma\u00dfarbeit der Regelfall.<\/strong><\/p>\n\n\n\n<div style=\"height:20px;--spacer-height:20px\" aria-hidden=\"true\" class=\"wp-block-spacer\"><\/div>\n<\/div><\/div>\n\n\n\n<div style=\"height:100px;--spacer-height:100px\" aria-hidden=\"true\" class=\"wp-block-spacer\"><\/div>\n<\/div>\n","protected":false},"excerpt":{"rendered":"<p>Lieferung Erstausr\u00fcster Seit seiner Gr\u00fcndung im Jahr 2008 befasst sich USD haupts\u00e4chlich mit der Lieferung qualitativ hochwertiger (antriebstechnischer) Komponenten an OEM (Erstausr\u00fcster). Ma\u00dfgeschneiderter Service Dank langj\u00e4hriger internationaler Erfahrung der Mitarbeiter in der Zulieferindustrie bietet UDS Service nach Ma\u00df Das Sortiment von UDS wird fortw\u00e4hrend erweitert. UDS ist eine flexible Organisation, wodurch erg\u00e4nzend zum Standardsortiment auch [&hellip;]<\/p>\n","protected":false},"author":1350,"featured_media":50320,"parent":0,"menu_order":4,"comment_status":"closed","ping_status":"closed","template":"","meta":{"_acf_changed":false,"_eb_attr":"","_relevanssi_hide_post":"","_relevanssi_hide_content":"","_relevanssi_pin_for_all":"","_relevanssi_pin_keywords":"","_relevanssi_unpin_keywords":"","_relevanssi_related_keywords":"","_relevanssi_related_include_ids":"","_relevanssi_related_exclude_ids":"","_relevanssi_related_no_append":"","_relevanssi_related_not_related":"","_relevanssi_related_posts":"16289,36291,30504,45100,35188,31453","_relevanssi_noindex_reason":"","inline_featured_image":false,"footnotes":""},"class_list":["post-50521","page","type-page","status-publish","has-post-thumbnail","hentry"],"acf":[],"yoast_head":"<!-- This site is optimized with the Yoast SEO plugin v27.2 - https:\/\/yoast.com\/product\/yoast-seo-wordpress\/ -->\n<title>Lieferung Erstausr\u00fcster - UDS Parts<\/title>\n<meta name=\"robots\" content=\"index, follow, max-snippet:-1, max-image-preview:large, max-video-preview:-1\" \/>\n<link rel=\"canonical\" href=\"https:\/\/uds-parts.com\/de\/lieferung-erstausruester\/\" \/>\n<meta property=\"og:locale\" content=\"de_DE\" \/>\n<meta property=\"og:type\" content=\"article\" \/>\n<meta property=\"og:title\" content=\"Lieferung Erstausr\u00fcster - UDS Parts\" \/>\n<meta property=\"og:description\" content=\"Lieferung Erstausr\u00fcster Seit seiner Gr\u00fcndung im Jahr 2008 befasst sich USD haupts\u00e4chlich mit der Lieferung qualitativ hochwertiger (antriebstechnischer) Komponenten an OEM (Erstausr\u00fcster). Ma\u00dfgeschneiderter Service Dank langj\u00e4hriger internationaler Erfahrung der Mitarbeiter in der Zulieferindustrie bietet UDS Service nach Ma\u00df Das Sortiment von UDS wird fortw\u00e4hrend erweitert. UDS ist eine flexible Organisation, wodurch erg\u00e4nzend zum Standardsortiment auch [&hellip;]\" \/>\n<meta property=\"og:url\" content=\"https:\/\/uds-parts.com\/de\/lieferung-erstausruester\/\" \/>\n<meta property=\"og:site_name\" content=\"UDS Parts\" \/>\n<meta property=\"article:modified_time\" content=\"2023-11-08T09:41:47+00:00\" \/>\n<meta property=\"og:image\" content=\"https:\/\/uds-parts.com\/wp-content\/uploads\/service-op-maat-UDS-parts.jpg\" \/>\n\t<meta property=\"og:image:width\" content=\"1254\" \/>\n\t<meta property=\"og:image:height\" content=\"836\" \/>\n\t<meta property=\"og:image:type\" content=\"image\/jpeg\" \/>\n<meta name=\"twitter:card\" content=\"summary_large_image\" \/>\n<meta name=\"twitter:label1\" content=\"Gesch\u00e4tzte Lesezeit\" \/>\n\t<meta name=\"twitter:data1\" content=\"2\u00a0Minuten\" \/>\n<script type=\"application\/ld+json\" class=\"yoast-schema-graph\">{\"@context\":\"https:\/\/schema.org\",\"@graph\":[{\"@type\":\"WebPage\",\"@id\":\"https:\/\/uds-parts.com\/de\/lieferung-erstausruester\/\",\"url\":\"https:\/\/uds-parts.com\/de\/lieferung-erstausruester\/\",\"name\":\"Lieferung Erstausr\u00fcster - UDS Parts\",\"isPartOf\":{\"@id\":\"https:\/\/uds-parts.com\/#website\"},\"primaryImageOfPage\":{\"@id\":\"https:\/\/uds-parts.com\/de\/lieferung-erstausruester\/#primaryimage\"},\"image\":{\"@id\":\"https:\/\/uds-parts.com\/de\/lieferung-erstausruester\/#primaryimage\"},\"thumbnailUrl\":\"https:\/\/uds-parts.com\/wp-content\/uploads\/service-op-maat-UDS-parts.jpg\",\"datePublished\":\"2023-10-26T10:01:11+00:00\",\"dateModified\":\"2023-11-08T09:41:47+00:00\",\"breadcrumb\":{\"@id\":\"https:\/\/uds-parts.com\/de\/lieferung-erstausruester\/#breadcrumb\"},\"inLanguage\":\"de\",\"potentialAction\":[{\"@type\":\"ReadAction\",\"target\":[\"https:\/\/uds-parts.com\/de\/lieferung-erstausruester\/\"]}]},{\"@type\":\"ImageObject\",\"inLanguage\":\"de\",\"@id\":\"https:\/\/uds-parts.com\/de\/lieferung-erstausruester\/#primaryimage\",\"url\":\"https:\/\/uds-parts.com\/wp-content\/uploads\/service-op-maat-UDS-parts.jpg\",\"contentUrl\":\"https:\/\/uds-parts.com\/wp-content\/uploads\/service-op-maat-UDS-parts.jpg\",\"width\":1254,\"height\":836,\"caption\":\"Over-the-shoulder view of an engineer measuring a machine part while working on a 3D model of it.\"},{\"@type\":\"BreadcrumbList\",\"@id\":\"https:\/\/uds-parts.com\/de\/lieferung-erstausruester\/#breadcrumb\",\"itemListElement\":[{\"@type\":\"ListItem\",\"position\":1,\"name\":\"Home\",\"item\":\"https:\/\/uds-parts.com\/de\/\"},{\"@type\":\"ListItem\",\"position\":2,\"name\":\"Lieferung Erstausr\u00fcster\"}]},{\"@type\":\"WebSite\",\"@id\":\"https:\/\/uds-parts.com\/#website\",\"url\":\"https:\/\/uds-parts.com\/\",\"name\":\"United Driveline Systems\",\"description\":\"United Driveline Systems\",\"publisher\":{\"@id\":\"https:\/\/uds-parts.com\/#organization\"},\"alternateName\":\"UDS Parts\",\"potentialAction\":[{\"@type\":\"SearchAction\",\"target\":{\"@type\":\"EntryPoint\",\"urlTemplate\":\"https:\/\/uds-parts.com\/?s={search_term_string}\"},\"query-input\":{\"@type\":\"PropertyValueSpecification\",\"valueRequired\":true,\"valueName\":\"search_term_string\"}}],\"inLanguage\":\"de\"},{\"@type\":\"Organization\",\"@id\":\"https:\/\/uds-parts.com\/#organization\",\"name\":\"United Driveline Systems b.v.\",\"alternateName\":\"UDS Parts\",\"url\":\"https:\/\/uds-parts.com\/\",\"logo\":{\"@type\":\"ImageObject\",\"inLanguage\":\"de\",\"@id\":\"https:\/\/uds-parts.com\/#\/schema\/logo\/image\/\",\"url\":\"https:\/\/uds-parts.com\/wp-content\/uploads\/UDS-Logo-1.jpg\",\"contentUrl\":\"https:\/\/uds-parts.com\/wp-content\/uploads\/UDS-Logo-1.jpg\",\"width\":803,\"height\":342,\"caption\":\"United Driveline Systems b.v.\"},\"image\":{\"@id\":\"https:\/\/uds-parts.com\/#\/schema\/logo\/image\/\"},\"sameAs\":[\"https:\/\/www.instagram.com\/uds_parts\/\",\"https:\/\/nl.linkedin.com\/company\/united-driveline-systems-bv\"]}]}<\/script>\n<!-- \/ Yoast SEO plugin. -->","yoast_head_json":{"title":"Lieferung Erstausr\u00fcster - UDS Parts","robots":{"index":"index","follow":"follow","max-snippet":"max-snippet:-1","max-image-preview":"max-image-preview:large","max-video-preview":"max-video-preview:-1"},"canonical":"https:\/\/uds-parts.com\/de\/lieferung-erstausruester\/","og_locale":"de_DE","og_type":"article","og_title":"Lieferung Erstausr\u00fcster - UDS Parts","og_description":"Lieferung Erstausr\u00fcster Seit seiner Gr\u00fcndung im Jahr 2008 befasst sich USD haupts\u00e4chlich mit der Lieferung qualitativ hochwertiger (antriebstechnischer) Komponenten an OEM (Erstausr\u00fcster). Ma\u00dfgeschneiderter Service Dank langj\u00e4hriger internationaler Erfahrung der Mitarbeiter in der Zulieferindustrie bietet UDS Service nach Ma\u00df Das Sortiment von UDS wird fortw\u00e4hrend erweitert. UDS ist eine flexible Organisation, wodurch erg\u00e4nzend zum Standardsortiment auch [&hellip;]","og_url":"https:\/\/uds-parts.com\/de\/lieferung-erstausruester\/","og_site_name":"UDS Parts","article_modified_time":"2023-11-08T09:41:47+00:00","og_image":[{"width":1254,"height":836,"url":"https:\/\/uds-parts.com\/wp-content\/uploads\/service-op-maat-UDS-parts.jpg","type":"image\/jpeg"}],"twitter_card":"summary_large_image","twitter_misc":{"Gesch\u00e4tzte Lesezeit":"2\u00a0Minuten"},"schema":{"@context":"https:\/\/schema.org","@graph":[{"@type":"WebPage","@id":"https:\/\/uds-parts.com\/de\/lieferung-erstausruester\/","url":"https:\/\/uds-parts.com\/de\/lieferung-erstausruester\/","name":"Lieferung Erstausr\u00fcster - UDS Parts","isPartOf":{"@id":"https:\/\/uds-parts.com\/#website"},"primaryImageOfPage":{"@id":"https:\/\/uds-parts.com\/de\/lieferung-erstausruester\/#primaryimage"},"image":{"@id":"https:\/\/uds-parts.com\/de\/lieferung-erstausruester\/#primaryimage"},"thumbnailUrl":"https:\/\/uds-parts.com\/wp-content\/uploads\/service-op-maat-UDS-parts.jpg","datePublished":"2023-10-26T10:01:11+00:00","dateModified":"2023-11-08T09:41:47+00:00","breadcrumb":{"@id":"https:\/\/uds-parts.com\/de\/lieferung-erstausruester\/#breadcrumb"},"inLanguage":"de","potentialAction":[{"@type":"ReadAction","target":["https:\/\/uds-parts.com\/de\/lieferung-erstausruester\/"]}]},{"@type":"ImageObject","inLanguage":"de","@id":"https:\/\/uds-parts.com\/de\/lieferung-erstausruester\/#primaryimage","url":"https:\/\/uds-parts.com\/wp-content\/uploads\/service-op-maat-UDS-parts.jpg","contentUrl":"https:\/\/uds-parts.com\/wp-content\/uploads\/service-op-maat-UDS-parts.jpg","width":1254,"height":836,"caption":"Over-the-shoulder view of an engineer measuring a machine part while working on a 3D model of it."},{"@type":"BreadcrumbList","@id":"https:\/\/uds-parts.com\/de\/lieferung-erstausruester\/#breadcrumb","itemListElement":[{"@type":"ListItem","position":1,"name":"Home","item":"https:\/\/uds-parts.com\/de\/"},{"@type":"ListItem","position":2,"name":"Lieferung Erstausr\u00fcster"}]},{"@type":"WebSite","@id":"https:\/\/uds-parts.com\/#website","url":"https:\/\/uds-parts.com\/","name":"United Driveline Systems","description":"United Driveline Systems","publisher":{"@id":"https:\/\/uds-parts.com\/#organization"},"alternateName":"UDS Parts","potentialAction":[{"@type":"SearchAction","target":{"@type":"EntryPoint","urlTemplate":"https:\/\/uds-parts.com\/?s={search_term_string}"},"query-input":{"@type":"PropertyValueSpecification","valueRequired":true,"valueName":"search_term_string"}}],"inLanguage":"de"},{"@type":"Organization","@id":"https:\/\/uds-parts.com\/#organization","name":"United Driveline Systems b.v.","alternateName":"UDS Parts","url":"https:\/\/uds-parts.com\/","logo":{"@type":"ImageObject","inLanguage":"de","@id":"https:\/\/uds-parts.com\/#\/schema\/logo\/image\/","url":"https:\/\/uds-parts.com\/wp-content\/uploads\/UDS-Logo-1.jpg","contentUrl":"https:\/\/uds-parts.com\/wp-content\/uploads\/UDS-Logo-1.jpg","width":803,"height":342,"caption":"United Driveline Systems b.v."},"image":{"@id":"https:\/\/uds-parts.com\/#\/schema\/logo\/image\/"},"sameAs":["https:\/\/www.instagram.com\/uds_parts\/","https:\/\/nl.linkedin.com\/company\/united-driveline-systems-bv"]}]}},"_links":{"self":[{"href":"https:\/\/uds-parts.com\/de\/wp-json\/wp\/v2\/pages\/50521","targetHints":{"allow":["GET"]}}],"collection":[{"href":"https:\/\/uds-parts.com\/de\/wp-json\/wp\/v2\/pages"}],"about":[{"href":"https:\/\/uds-parts.com\/de\/wp-json\/wp\/v2\/types\/page"}],"author":[{"embeddable":true,"href":"https:\/\/uds-parts.com\/de\/wp-json\/wp\/v2\/users\/1350"}],"replies":[{"embeddable":true,"href":"https:\/\/uds-parts.com\/de\/wp-json\/wp\/v2\/comments?post=50521"}],"version-history":[{"count":0,"href":"https:\/\/uds-parts.com\/de\/wp-json\/wp\/v2\/pages\/50521\/revisions"}],"wp:featuredmedia":[{"embeddable":true,"href":"https:\/\/uds-parts.com\/de\/wp-json\/wp\/v2\/media\/50320"}],"wp:attachment":[{"href":"https:\/\/uds-parts.com\/de\/wp-json\/wp\/v2\/media?parent=50521"}],"curies":[{"name":"wp","href":"https:\/\/api.w.org\/{rel}","templated":true}]}}