{"id":11372,"date":"2019-06-06T12:18:48","date_gmt":"2019-06-06T12:18:48","guid":{"rendered":"https:\/\/www.uds-parts.com\/?page_id=11372"},"modified":"2019-06-06T12:19:27","modified_gmt":"2019-06-06T12:19:27","slug":"allgemeine-geschaeftsbedingungen","status":"publish","type":"page","link":"https:\/\/uds-parts.com\/de\/webshop\/allgemeine-geschaeftsbedingungen\/","title":{"rendered":"Allgemeine Gesch\u00e4ftsbedingungen"},"content":{"rendered":"<h1>Allgemeine Gesch\u00e4ftsbedingungen<\/h1>\n<p>UDS (United Driveline Systems) ist der \u201eMetaalunie\u201c angeschlossen und erbringt seine Lieferungen auf der Grundlage der Gesch\u00e4ftsbedingungen der Metaalunie (\u201eMetaalunie voorwaarden). Die vollst\u00e4ndige Fassung dieser Gesch\u00e4ftsbedingungen finden Sie <u>hier<\/u>.<\/p>\n<p>Informationen \u00fcber die spezifischen Bedingungen, die auf K\u00e4ufe bei UDS anwendbar sind, erhalten Sie bei unserem <a href=\"https:\/\/uds-parts.com\/de\/kundendienst\/\"><strong>Kundendienst<\/strong><\/a>.<\/p>\n","protected":false},"excerpt":{"rendered":"<p>Allgemeine Gesch\u00e4ftsbedingungen UDS (United Driveline Systems) ist der \u201eMetaalunie\u201c angeschlossen und erbringt seine Lieferungen auf der Grundlage der Gesch\u00e4ftsbedingungen der Metaalunie (\u201eMetaalunie voorwaarden). Die vollst\u00e4ndige Fassung dieser Gesch\u00e4ftsbedingungen finden Sie hier. Informationen \u00fcber die spezifischen Bedingungen, die auf K\u00e4ufe bei UDS anwendbar sind, erhalten Sie bei unserem Kundendienst.<\/p>\n","protected":false},"author":1350,"featured_media":0,"parent":36331,"menu_order":1,"comment_status":"closed","ping_status":"closed","template":"","meta":{"_acf_changed":false,"_eb_attr":"","_relevanssi_hide_post":"","_relevanssi_hide_content":"","_relevanssi_pin_for_all":"","_relevanssi_pin_keywords":"","_relevanssi_unpin_keywords":"","_relevanssi_related_keywords":"","_relevanssi_related_include_ids":"","_relevanssi_related_exclude_ids":"","_relevanssi_related_no_append":"","_relevanssi_related_not_related":"","_relevanssi_related_posts":"30504,11363,31453,45100,16071,35272","_relevanssi_noindex_reason":"","inline_featured_image":false,"footnotes":""},"class_list":["post-11372","page","type-page","status-publish","hentry"],"acf":[],"yoast_head":"<!-- This site is optimized with the Yoast SEO plugin v27.2 - https:\/\/yoast.com\/product\/yoast-seo-wordpress\/ -->\n<title>Allgemeine Gesch\u00e4ftsbedingungen - UDS Parts<\/title>\n<meta name=\"robots\" content=\"noindex, follow\" \/>\n<meta property=\"og:locale\" content=\"de_DE\" \/>\n<meta property=\"og:type\" content=\"article\" \/>\n<meta property=\"og:title\" content=\"Allgemeine Gesch\u00e4ftsbedingungen - UDS Parts\" \/>\n<meta property=\"og:description\" content=\"Allgemeine Gesch\u00e4ftsbedingungen UDS (United Driveline Systems) ist der \u201eMetaalunie\u201c angeschlossen und erbringt seine Lieferungen auf der Grundlage der Gesch\u00e4ftsbedingungen der Metaalunie (\u201eMetaalunie voorwaarden). Die vollst\u00e4ndige Fassung dieser Gesch\u00e4ftsbedingungen finden Sie hier. Informationen \u00fcber die spezifischen Bedingungen, die auf K\u00e4ufe bei UDS anwendbar sind, erhalten Sie bei unserem Kundendienst.\" \/>\n<meta property=\"og:url\" content=\"https:\/\/uds-parts.com\/de\/allgemeine-geschaeftsbedingungen\/\" \/>\n<meta property=\"og:site_name\" content=\"UDS Parts\" \/>\n<meta property=\"article:modified_time\" content=\"2019-06-06T12:19:27+00:00\" \/>\n<meta name=\"twitter:card\" content=\"summary_large_image\" \/>\n<script type=\"application\/ld+json\" class=\"yoast-schema-graph\">{\"@context\":\"https:\/\/schema.org\",\"@graph\":[{\"@type\":\"WebPage\",\"@id\":\"https:\/\/uds-parts.com\/de\/allgemeine-geschaeftsbedingungen\/\",\"url\":\"https:\/\/uds-parts.com\/de\/allgemeine-geschaeftsbedingungen\/\",\"name\":\"Allgemeine Gesch\u00e4ftsbedingungen - UDS Parts\",\"isPartOf\":{\"@id\":\"https:\/\/uds-parts.com\/#website\"},\"datePublished\":\"2019-06-06T12:18:48+00:00\",\"dateModified\":\"2019-06-06T12:19:27+00:00\",\"breadcrumb\":{\"@id\":\"https:\/\/uds-parts.com\/de\/allgemeine-geschaeftsbedingungen\/#breadcrumb\"},\"inLanguage\":\"de\",\"potentialAction\":[{\"@type\":\"ReadAction\",\"target\":[\"https:\/\/uds-parts.com\/de\/allgemeine-geschaeftsbedingungen\/\"]}]},{\"@type\":\"BreadcrumbList\",\"@id\":\"https:\/\/uds-parts.com\/de\/allgemeine-geschaeftsbedingungen\/#breadcrumb\",\"itemListElement\":[{\"@type\":\"ListItem\",\"position\":1,\"name\":\"Home\",\"item\":\"https:\/\/uds-parts.com\/de\/\"},{\"@type\":\"ListItem\",\"position\":2,\"name\":\"Allgemeine Gesch\u00e4ftsbedingungen\"}]},{\"@type\":\"WebSite\",\"@id\":\"https:\/\/uds-parts.com\/#website\",\"url\":\"https:\/\/uds-parts.com\/\",\"name\":\"United Driveline Systems\",\"description\":\"United Driveline Systems\",\"publisher\":{\"@id\":\"https:\/\/uds-parts.com\/#organization\"},\"alternateName\":\"UDS Parts\",\"potentialAction\":[{\"@type\":\"SearchAction\",\"target\":{\"@type\":\"EntryPoint\",\"urlTemplate\":\"https:\/\/uds-parts.com\/?s={search_term_string}\"},\"query-input\":{\"@type\":\"PropertyValueSpecification\",\"valueRequired\":true,\"valueName\":\"search_term_string\"}}],\"inLanguage\":\"de\"},{\"@type\":\"Organization\",\"@id\":\"https:\/\/uds-parts.com\/#organization\",\"name\":\"United Driveline Systems b.v.\",\"alternateName\":\"UDS Parts\",\"url\":\"https:\/\/uds-parts.com\/\",\"logo\":{\"@type\":\"ImageObject\",\"inLanguage\":\"de\",\"@id\":\"https:\/\/uds-parts.com\/#\/schema\/logo\/image\/\",\"url\":\"https:\/\/uds-parts.com\/wp-content\/uploads\/UDS-Logo-1.jpg\",\"contentUrl\":\"https:\/\/uds-parts.com\/wp-content\/uploads\/UDS-Logo-1.jpg\",\"width\":803,\"height\":342,\"caption\":\"United Driveline Systems b.v.\"},\"image\":{\"@id\":\"https:\/\/uds-parts.com\/#\/schema\/logo\/image\/\"},\"sameAs\":[\"https:\/\/www.instagram.com\/uds_parts\/\",\"https:\/\/nl.linkedin.com\/company\/united-driveline-systems-bv\"]}]}<\/script>\n<!-- \/ Yoast SEO plugin. -->","yoast_head_json":{"title":"Allgemeine Gesch\u00e4ftsbedingungen - UDS Parts","robots":{"index":"noindex","follow":"follow"},"og_locale":"de_DE","og_type":"article","og_title":"Allgemeine Gesch\u00e4ftsbedingungen - UDS Parts","og_description":"Allgemeine Gesch\u00e4ftsbedingungen UDS (United Driveline Systems) ist der \u201eMetaalunie\u201c angeschlossen und erbringt seine Lieferungen auf der Grundlage der Gesch\u00e4ftsbedingungen der Metaalunie (\u201eMetaalunie voorwaarden). Die vollst\u00e4ndige Fassung dieser Gesch\u00e4ftsbedingungen finden Sie hier. Informationen \u00fcber die spezifischen Bedingungen, die auf K\u00e4ufe bei UDS anwendbar sind, erhalten Sie bei unserem Kundendienst.","og_url":"https:\/\/uds-parts.com\/de\/allgemeine-geschaeftsbedingungen\/","og_site_name":"UDS Parts","article_modified_time":"2019-06-06T12:19:27+00:00","twitter_card":"summary_large_image","schema":{"@context":"https:\/\/schema.org","@graph":[{"@type":"WebPage","@id":"https:\/\/uds-parts.com\/de\/allgemeine-geschaeftsbedingungen\/","url":"https:\/\/uds-parts.com\/de\/allgemeine-geschaeftsbedingungen\/","name":"Allgemeine Gesch\u00e4ftsbedingungen - UDS Parts","isPartOf":{"@id":"https:\/\/uds-parts.com\/#website"},"datePublished":"2019-06-06T12:18:48+00:00","dateModified":"2019-06-06T12:19:27+00:00","breadcrumb":{"@id":"https:\/\/uds-parts.com\/de\/allgemeine-geschaeftsbedingungen\/#breadcrumb"},"inLanguage":"de","potentialAction":[{"@type":"ReadAction","target":["https:\/\/uds-parts.com\/de\/allgemeine-geschaeftsbedingungen\/"]}]},{"@type":"BreadcrumbList","@id":"https:\/\/uds-parts.com\/de\/allgemeine-geschaeftsbedingungen\/#breadcrumb","itemListElement":[{"@type":"ListItem","position":1,"name":"Home","item":"https:\/\/uds-parts.com\/de\/"},{"@type":"ListItem","position":2,"name":"Allgemeine Gesch\u00e4ftsbedingungen"}]},{"@type":"WebSite","@id":"https:\/\/uds-parts.com\/#website","url":"https:\/\/uds-parts.com\/","name":"United Driveline Systems","description":"United Driveline Systems","publisher":{"@id":"https:\/\/uds-parts.com\/#organization"},"alternateName":"UDS Parts","potentialAction":[{"@type":"SearchAction","target":{"@type":"EntryPoint","urlTemplate":"https:\/\/uds-parts.com\/?s={search_term_string}"},"query-input":{"@type":"PropertyValueSpecification","valueRequired":true,"valueName":"search_term_string"}}],"inLanguage":"de"},{"@type":"Organization","@id":"https:\/\/uds-parts.com\/#organization","name":"United Driveline Systems b.v.","alternateName":"UDS Parts","url":"https:\/\/uds-parts.com\/","logo":{"@type":"ImageObject","inLanguage":"de","@id":"https:\/\/uds-parts.com\/#\/schema\/logo\/image\/","url":"https:\/\/uds-parts.com\/wp-content\/uploads\/UDS-Logo-1.jpg","contentUrl":"https:\/\/uds-parts.com\/wp-content\/uploads\/UDS-Logo-1.jpg","width":803,"height":342,"caption":"United Driveline Systems b.v."},"image":{"@id":"https:\/\/uds-parts.com\/#\/schema\/logo\/image\/"},"sameAs":["https:\/\/www.instagram.com\/uds_parts\/","https:\/\/nl.linkedin.com\/company\/united-driveline-systems-bv"]}]}},"_links":{"self":[{"href":"https:\/\/uds-parts.com\/de\/wp-json\/wp\/v2\/pages\/11372","targetHints":{"allow":["GET"]}}],"collection":[{"href":"https:\/\/uds-parts.com\/de\/wp-json\/wp\/v2\/pages"}],"about":[{"href":"https:\/\/uds-parts.com\/de\/wp-json\/wp\/v2\/types\/page"}],"author":[{"embeddable":true,"href":"https:\/\/uds-parts.com\/de\/wp-json\/wp\/v2\/users\/1350"}],"replies":[{"embeddable":true,"href":"https:\/\/uds-parts.com\/de\/wp-json\/wp\/v2\/comments?post=11372"}],"version-history":[{"count":0,"href":"https:\/\/uds-parts.com\/de\/wp-json\/wp\/v2\/pages\/11372\/revisions"}],"up":[{"embeddable":true,"href":"https:\/\/uds-parts.com\/de\/wp-json\/wp\/v2\/pages\/36331"}],"wp:attachment":[{"href":"https:\/\/uds-parts.com\/de\/wp-json\/wp\/v2\/media?parent=11372"}],"curies":[{"name":"wp","href":"https:\/\/api.w.org\/{rel}","templated":true}]}}